{"id":2718,"date":"2026-02-10T09:38:54","date_gmt":"2026-02-10T08:38:54","guid":{"rendered":"https:\/\/www.hoku-restaurant.com\/?page_id=2718"},"modified":"2026-03-09T08:05:07","modified_gmt":"2026-03-09T07:05:07","slug":"impressum","status":"publish","type":"page","link":"https:\/\/www.hoku-restaurant.com\/it\/impressum\/","title":{"rendered":"Impressum"},"content":{"rendered":"\t\t<div data-elementor-type=\"wp-page\" data-elementor-id=\"2718\" class=\"elementor elementor-2718 elementor-2691\">\n\t\t\t\t<div class=\"elementor-element elementor-element-82603cc e-con-full e-flex e-con e-parent\" data-id=\"82603cc\" data-element_type=\"container\" data-settings=\"{&quot;background_background&quot;:&quot;classic&quot;}\">\n\t\t\t\t<div class=\"elementor-element elementor-element-295e8c09 elementor-widget elementor-widget-heading\" data-id=\"295e8c09\" data-element_type=\"widget\" data-widget_type=\"heading.default\">\n\t\t\t\t<div class=\"elementor-widget-container\">\n\t\t\t\t\t<h2 class=\"elementor-heading-title elementor-size-default\">Impressum<\/h2>\t\t\t\t<\/div>\n\t\t\t\t<\/div>\n\t\t<div class=\"elementor-element elementor-element-147ecb84 e-flex e-con-boxed e-con e-child\" data-id=\"147ecb84\" data-element_type=\"container\">\n\t\t\t\t\t<div class=\"e-con-inner\">\n\t\t<div class=\"elementor-element elementor-element-3ba4309b e-con-full e-flex e-con e-child\" data-id=\"3ba4309b\" data-element_type=\"container\">\n\t\t\t\t<div class=\"elementor-element elementor-element-26519ed3 elementor-widget elementor-widget-text-editor\" data-id=\"26519ed3\" data-element_type=\"widget\" data-widget_type=\"text-editor.default\">\n\t\t\t\t<div class=\"elementor-widget-container\">\n\t\t\t\t\t\t\t\t\t<p><strong>Proprietario e responsabile per il contenuto:<br \/><\/strong><strong>Hoku Group GmbH<\/strong><br \/>Zona Artigianale\u00a0\u00d6den 4,\u00a039034\u00a0Dobbiacoh<br \/>Tel: 0474\u00a0973556<br \/><a href=\"m&#97;&#x69;&#x6c;t&#111;&#x3a;&#x69;n&#102;&#111;&#x40;&#x68;o&#107;&#x75;&#x67;r&#111;&#x75;&#x70;&#46;&#105;&#116;\">&#x69;&#110;&#x66;&#x6f;&#64;&#x68;&#111;k&#x75;&#103;r&#x6f;&#117;p&#x2e;&#105;t<\/a><\/p><p>Part.IVA. 03315440218<br \/>PEC: &#104;&#x6f;k&#x75;&#x40;&#112;&#x65;c&#x2e;&#x69;&#116;<br \/>Codice destinatario: A4707H7<\/p><p><strong>Materiale fotografico:<\/strong><br \/>Hoku<\/p><p><strong>Avviso di responsabilit\u00e0:<\/strong><br \/>I marchi e le societ\u00e0 citate su questo sito sono di propriet\u00e0 del apposito titolare.<br \/>Nonostante l\u2019attento controllo dei contenuti, non assumiamo nessuna responsabilit\u00e0 per i contenuti relativi a link esterni. Sono responsabili per il contenuto delle pagine collegate esclusivamente i gestori delle pagine stesse.<\/p>\t\t\t\t\t\t\t\t<\/div>\n\t\t\t\t<\/div>\n\t\t\t\t<\/div>\n\t\t<div class=\"elementor-element elementor-element-4abb1cc1 e-con-full e-flex e-con e-child\" data-id=\"4abb1cc1\" data-element_type=\"container\">\n\t\t\t\t<div class=\"elementor-element elementor-element-662f624e elementor-widget elementor-widget-text-editor\" data-id=\"662f624e\" data-element_type=\"widget\" data-widget_type=\"text-editor.default\">\n\t\t\t\t<div class=\"elementor-widget-container\">\n\t\t\t\t\t\t\t\t\t<p><strong>Realizzazione, Concetto &amp; Design:<br \/><\/strong>Fuchsdesign<br \/>Via Dolomiti 25a, 39034 Dobbiaco<br \/>Alto Adige \u2013 Italia<br \/>Tel +39 0474 979 048<br \/><a href=\"&#109;&#x61;&#105;&#x6c;&#116;&#x6f;:&#x69;n&#102;&#x6f;&#64;&#x66;&#117;&#x63;h&#x73;d&#101;&#x73;&#105;&#x67;&#110;&#x2e;&#105;&#x74;\">&#105;n&#x66;o&#x40;&#102;&#x75;&#99;&#x68;&#115;d&#x65;s&#x69;&#103;&#x6e;&#46;&#x69;&#116;<\/a><br \/><a class=\"external-link-new-window\" title=\"Opens external link in new window\" href=\"http:\/\/www.fuchsdesign.it\/\" target=\"_blank\" rel=\"noopener noreferrer\">www.fuchsdesign.it<\/a><\/p><p><strong>Informazione obbligatoria ai sensi del Regolamento UE n. 524\/2016 del Parlamento europeo e del Consiglio<\/strong><br \/><a href=\"https:\/\/ec.europa.eu\/consumers\/odr\/\">Piattaforma per la risoluzione delle controversie online<\/a>\u00a0dei consumatori (ODR) della Commissione europea.<\/p>\t\t\t\t\t\t\t\t<\/div>\n\t\t\t\t<\/div>\n\t\t\t\t<\/div>\n\t\t\t\t\t<\/div>\n\t\t\t\t<\/div>\n\t\t\t\t<\/div>\n\t\t\t\t<\/div>\n\t\t","protected":false},"excerpt":{"rendered":"<p>Impressum Proprietario e responsabile per il contenuto:Hoku Group GmbHZona Artigianale\u00a0\u00d6den 4,\u00a039034\u00a0DobbiacohTel: 0474\u00a0973556&#x69;n&#x66;o&#x40;&#104;&#x6f;&#107;u&#x67;r&#x6f;&#117;&#x70;&#46;&#x69;&#116; Part.IVA. 03315440218PEC: hoku&#64;p&#101;&#99;&#46;&#105;&#116;Codice destinatario: A4707H7 Materiale fotografico:Hoku Avviso di responsabilit\u00e0:I marchi e le societ\u00e0 citate su questo sito sono di propriet\u00e0 del apposito titolare.Nonostante l\u2019attento controllo dei contenuti, non assumiamo nessuna responsabilit\u00e0 per i contenuti relativi a link esterni. Sono responsabili per il [&hellip;]<\/p>\n","protected":false},"author":1,"featured_media":0,"parent":0,"menu_order":0,"comment_status":"closed","ping_status":"closed","template":"elementor_header_footer","meta":{"_acf_changed":false,"footnotes":""},"class_list":["post-2718","page","type-page","status-publish","hentry"],"acf":[],"yoast_head":"<!-- This site is optimized with the Yoast SEO plugin v27.3 - https:\/\/yoast.com\/product\/yoast-seo-wordpress\/ -->\n<title>Impressum - HOKU Ristorante Dobbiaco &amp; Lounge Bar<\/title>\n<meta name=\"robots\" content=\"index, follow, max-snippet:-1, max-image-preview:large, max-video-preview:-1\" \/>\n<link rel=\"canonical\" href=\"https:\/\/www.hoku-restaurant.com\/it\/impressum\/\" \/>\n<meta property=\"og:locale\" content=\"it_IT\" \/>\n<meta property=\"og:type\" content=\"article\" \/>\n<meta property=\"og:title\" content=\"Impressum - HOKU Ristorante Dobbiaco &amp; Lounge Bar\" \/>\n<meta property=\"og:description\" content=\"Impressum Proprietario e responsabile per il contenuto:Hoku Group GmbHZona Artigianale\u00a0\u00d6den 4,\u00a039034\u00a0DobbiacohTel: 0474\u00a0973556i&#110;&#x66;&#x6f;&#064;&#104;&#x6f;&#x6b;u&#103;&#x72;&#x6f;u&#112;&#x2e;&#x69;t Part.IVA. 03315440218PEC: &#x68;&#x6f;&#107;u&#x40;&#x70;&#101;&#099;&#046;&#x69;&#x74;Codice destinatario: A4707H7 Materiale fotografico:Hoku Avviso di responsabilit\u00e0:I marchi e le societ\u00e0 citate su questo sito sono di propriet\u00e0 del apposito titolare.Nonostante l\u2019attento controllo dei contenuti, non assumiamo nessuna responsabilit\u00e0 per i contenuti relativi a link esterni. Sono responsabili per il [&hellip;]\" \/>\n<meta property=\"og:url\" content=\"https:\/\/www.hoku-restaurant.com\/it\/impressum\/\" \/>\n<meta property=\"og:site_name\" content=\"HOKU Ristorante Dobbiaco &amp; Lounge Bar\" \/>\n<meta property=\"article:modified_time\" content=\"2026-03-09T07:05:07+00:00\" \/>\n<meta name=\"twitter:card\" content=\"summary_large_image\" \/>\n<meta name=\"twitter:label1\" content=\"Tempo di lettura stimato\" \/>\n\t<meta name=\"twitter:data1\" content=\"1 minuto\" \/>\n<script type=\"application\/ld+json\" class=\"yoast-schema-graph\">{\"@context\":\"https:\\\/\\\/schema.org\",\"@graph\":[{\"@type\":\"WebPage\",\"@id\":\"https:\\\/\\\/www.hoku-restaurant.com\\\/it\\\/impressum\\\/\",\"url\":\"https:\\\/\\\/www.hoku-restaurant.com\\\/it\\\/impressum\\\/\",\"name\":\"Impressum - HOKU Ristorante Dobbiaco &amp; Lounge Bar\",\"isPartOf\":{\"@id\":\"https:\\\/\\\/www.hoku-restaurant.com\\\/#website\"},\"datePublished\":\"2026-02-10T08:38:54+00:00\",\"dateModified\":\"2026-03-09T07:05:07+00:00\",\"breadcrumb\":{\"@id\":\"https:\\\/\\\/www.hoku-restaurant.com\\\/it\\\/impressum\\\/#breadcrumb\"},\"inLanguage\":\"it-IT\",\"potentialAction\":[{\"@type\":\"ReadAction\",\"target\":[\"https:\\\/\\\/www.hoku-restaurant.com\\\/it\\\/impressum\\\/\"]}]},{\"@type\":\"BreadcrumbList\",\"@id\":\"https:\\\/\\\/www.hoku-restaurant.com\\\/it\\\/impressum\\\/#breadcrumb\",\"itemListElement\":[{\"@type\":\"ListItem\",\"position\":1,\"name\":\"Startseite\",\"item\":\"https:\\\/\\\/www.hoku-restaurant.com\\\/it\\\/\"},{\"@type\":\"ListItem\",\"position\":2,\"name\":\"Impressum\"}]},{\"@type\":\"WebSite\",\"@id\":\"https:\\\/\\\/www.hoku-restaurant.com\\\/#website\",\"url\":\"https:\\\/\\\/www.hoku-restaurant.com\\\/\",\"name\":\"Hoku Restaurant\",\"description\":\"Piacere e Lifestyle\",\"publisher\":{\"@id\":\"https:\\\/\\\/www.hoku-restaurant.com\\\/#organization\"},\"potentialAction\":[{\"@type\":\"SearchAction\",\"target\":{\"@type\":\"EntryPoint\",\"urlTemplate\":\"https:\\\/\\\/www.hoku-restaurant.com\\\/?s={search_term_string}\"},\"query-input\":{\"@type\":\"PropertyValueSpecification\",\"valueRequired\":true,\"valueName\":\"search_term_string\"}}],\"inLanguage\":\"it-IT\"},{\"@type\":\"Organization\",\"@id\":\"https:\\\/\\\/www.hoku-restaurant.com\\\/#organization\",\"name\":\"Hoku Restaurant\",\"url\":\"https:\\\/\\\/www.hoku-restaurant.com\\\/\",\"logo\":{\"@type\":\"ImageObject\",\"inLanguage\":\"it-IT\",\"@id\":\"https:\\\/\\\/www.hoku-restaurant.com\\\/#\\\/schema\\\/logo\\\/image\\\/\",\"url\":\"https:\\\/\\\/www.hoku-restaurant.com\\\/wp-content\\\/uploads\\\/hoku-restaurant.svg\",\"contentUrl\":\"https:\\\/\\\/www.hoku-restaurant.com\\\/wp-content\\\/uploads\\\/hoku-restaurant.svg\",\"width\":1,\"height\":1,\"caption\":\"Hoku Restaurant\"},\"image\":{\"@id\":\"https:\\\/\\\/www.hoku-restaurant.com\\\/#\\\/schema\\\/logo\\\/image\\\/\"}}]}<\/script>\n<!-- \/ Yoast SEO plugin. -->","yoast_head_json":{"title":"Impressum - HOKU Ristorante Dobbiaco &amp; Lounge Bar","robots":{"index":"index","follow":"follow","max-snippet":"max-snippet:-1","max-image-preview":"max-image-preview:large","max-video-preview":"max-video-preview:-1"},"canonical":"https:\/\/www.hoku-restaurant.com\/it\/impressum\/","og_locale":"it_IT","og_type":"article","og_title":"Impressum - HOKU Ristorante Dobbiaco &amp; Lounge Bar","og_description":"Impressum Proprietario e responsabile per il contenuto:Hoku Group GmbHZona Artigianale\u00a0\u00d6den 4,\u00a039034\u00a0DobbiacohTel: 0474\u00a0973556i&#110;&#x66;&#x6f;&#64;&#104;&#x6f;&#x6b;u&#103;&#x72;&#x6f;u&#112;&#x2e;&#x69;t Part.IVA. 03315440218PEC: &#x68;&#x6f;&#107;u&#x40;&#x70;&#101;&#99;&#46;&#x69;&#x74;Codice destinatario: A4707H7 Materiale fotografico:Hoku Avviso di responsabilit\u00e0:I marchi e le societ\u00e0 citate su questo sito sono di propriet\u00e0 del apposito titolare.Nonostante l\u2019attento controllo dei contenuti, non assumiamo nessuna responsabilit\u00e0 per i contenuti relativi a link esterni. Sono responsabili per il [&hellip;]","og_url":"https:\/\/www.hoku-restaurant.com\/it\/impressum\/","og_site_name":"HOKU Ristorante Dobbiaco &amp; Lounge Bar","article_modified_time":"2026-03-09T07:05:07+00:00","twitter_card":"summary_large_image","twitter_misc":{"Tempo di lettura stimato":"1 minuto"},"schema":{"@context":"https:\/\/schema.org","@graph":[{"@type":"WebPage","@id":"https:\/\/www.hoku-restaurant.com\/it\/impressum\/","url":"https:\/\/www.hoku-restaurant.com\/it\/impressum\/","name":"Impressum - HOKU Ristorante Dobbiaco &amp; Lounge Bar","isPartOf":{"@id":"https:\/\/www.hoku-restaurant.com\/#website"},"datePublished":"2026-02-10T08:38:54+00:00","dateModified":"2026-03-09T07:05:07+00:00","breadcrumb":{"@id":"https:\/\/www.hoku-restaurant.com\/it\/impressum\/#breadcrumb"},"inLanguage":"it-IT","potentialAction":[{"@type":"ReadAction","target":["https:\/\/www.hoku-restaurant.com\/it\/impressum\/"]}]},{"@type":"BreadcrumbList","@id":"https:\/\/www.hoku-restaurant.com\/it\/impressum\/#breadcrumb","itemListElement":[{"@type":"ListItem","position":1,"name":"Startseite","item":"https:\/\/www.hoku-restaurant.com\/it\/"},{"@type":"ListItem","position":2,"name":"Impressum"}]},{"@type":"WebSite","@id":"https:\/\/www.hoku-restaurant.com\/#website","url":"https:\/\/www.hoku-restaurant.com\/","name":"Hoku Restaurant","description":"Piacere e Lifestyle","publisher":{"@id":"https:\/\/www.hoku-restaurant.com\/#organization"},"potentialAction":[{"@type":"SearchAction","target":{"@type":"EntryPoint","urlTemplate":"https:\/\/www.hoku-restaurant.com\/?s={search_term_string}"},"query-input":{"@type":"PropertyValueSpecification","valueRequired":true,"valueName":"search_term_string"}}],"inLanguage":"it-IT"},{"@type":"Organization","@id":"https:\/\/www.hoku-restaurant.com\/#organization","name":"Hoku Restaurant","url":"https:\/\/www.hoku-restaurant.com\/","logo":{"@type":"ImageObject","inLanguage":"it-IT","@id":"https:\/\/www.hoku-restaurant.com\/#\/schema\/logo\/image\/","url":"https:\/\/www.hoku-restaurant.com\/wp-content\/uploads\/hoku-restaurant.svg","contentUrl":"https:\/\/www.hoku-restaurant.com\/wp-content\/uploads\/hoku-restaurant.svg","width":1,"height":1,"caption":"Hoku Restaurant"},"image":{"@id":"https:\/\/www.hoku-restaurant.com\/#\/schema\/logo\/image\/"}}]}},"_links":{"self":[{"href":"https:\/\/www.hoku-restaurant.com\/it\/wp-json\/wp\/v2\/pages\/2718","targetHints":{"allow":["GET"]}}],"collection":[{"href":"https:\/\/www.hoku-restaurant.com\/it\/wp-json\/wp\/v2\/pages"}],"about":[{"href":"https:\/\/www.hoku-restaurant.com\/it\/wp-json\/wp\/v2\/types\/page"}],"author":[{"embeddable":true,"href":"https:\/\/www.hoku-restaurant.com\/it\/wp-json\/wp\/v2\/users\/1"}],"replies":[{"embeddable":true,"href":"https:\/\/www.hoku-restaurant.com\/it\/wp-json\/wp\/v2\/comments?post=2718"}],"version-history":[{"count":4,"href":"https:\/\/www.hoku-restaurant.com\/it\/wp-json\/wp\/v2\/pages\/2718\/revisions"}],"predecessor-version":[{"id":2722,"href":"https:\/\/www.hoku-restaurant.com\/it\/wp-json\/wp\/v2\/pages\/2718\/revisions\/2722"}],"wp:attachment":[{"href":"https:\/\/www.hoku-restaurant.com\/it\/wp-json\/wp\/v2\/media?parent=2718"}],"curies":[{"name":"wp","href":"https:\/\/api.w.org\/{rel}","templated":true}]}}